{"id":42,"date":"2009-07-22T21:51:10","date_gmt":"2009-07-22T19:51:10","guid":{"rendered":"http:\/\/www.apsweb.de\/wordpress\/?page_id=42"},"modified":"2019-01-19T11:11:37","modified_gmt":"2019-01-19T10:11:37","slug":"impressum","status":"publish","type":"page","link":"https:\/\/www.apsweb.de\/?page_id=42","title":{"rendered":"Impressum"},"content":{"rendered":"<p><strong>Arndt-Peter Schaefers<br>\nHauffstra\u00dfe 6<br>\n71101 Sch\u00f6naich<\/strong><br>\n<strong><br>\nTelefon:<\/strong> 07031\u2013654040<br>\n<strong>Telefax:<\/strong> 07031\u2013655210<br>\n<strong>E\u2011Mail:<\/strong> foto(at)apsweb.de<br>\n<strong>Internet:<\/strong> <span style=\"color: #ffffff;\"><a title=\"Wilkommen bei apsweb.de\" href=\"https:\/\/www.apsweb.de\" target=\"_blank\" rel=\"noopener\">https:\/\/www.apsweb.de<\/a><\/span><br>\n<strong><br>\nInhaltlich Verantwortlicher gem\u00e4\u00df \u00a7 55 Abs. 2&nbsp;RStV:<\/strong><br>\nArndt-Peter Schaefers<br>\nHauffstra\u00dfe 6<br>\n71101 Sch\u00f6naich<\/p>\n<p>Das Angebot auf <a href=\"https:\/\/www.apsweb.de\">https:\/\/www.apsweb.de<\/a> ist ausdr\u00fcck\u00adlich <strong>nicht kommer\u00adzi\u00adell.<\/strong><br>\nEs bestehen aber durch\u00adaus Urheber- und Nutzungsrechte.<\/p>\n<p><strong>Nutzungsbedingungen:<\/strong><br>\n<span style=\"color: #99ccff;\"><span style=\"color: #000000;\">Diese(s) Werk bzw. Inhalt von<\/span> <a href=\"https:\/\/www.apsweb.de\" rel=\"cc:attributionURL\">Arndt-Peter Schaefers<\/a> <span style=\"color: #000000;\">steht unter einer<\/span> <a href=\"http:\/\/creativecommons.org\/licenses\/by-nc-nd\/3.0\/de\/\" rel=\"license\">Creative Commons Namensnennung \u2014 Keine kommer\u00adzi\u00adel\u00adle Nutzung \u2014 Keine Bearbeitung 3.0 Deutschland Lizenz<\/a>.<\/span><\/p>\n<p><span style=\"color: #99ccff;\"><span style=\"color: #000000;\">Beruht auf einem Inhalt unter <\/span><a href=\"https:\/\/www.apsweb.de\" rel=\"dc:source\">https:\/\/www.apsweb.de<\/a>.<\/span><\/p>\n<p><strong><span style=\"color: #000000;\">\u00dcber diese Lizenz hinaus\u00adge\u00adhen\u00adde Erlaubnisse, erwei\u00adter\u00adte Nutzungsrechte oder \u00c4hnliches erhal\u00adten Sie m\u00f6gli\u00adcher\u00adwei\u00adse unter foto@apsweb.de.<\/span><\/strong><\/p>\n<p><strong>Haftungsausschluss (Disclaimer)<br>\n<\/strong><\/p>\n<p><strong>1. Haftung f\u00fcr Inhalte<\/strong><\/p>\n<p>Als Diensteanbieter sind wir gem\u00e4\u00df \u00a7 7 Abs. 1 TMG f\u00fcr eigene Inhalte auf diesen Seiten nach den allge\u00admei\u00adnen Gesetzen verant\u00adwort\u00adlich. Nach \u00a7\u00a7 8 bis 10 TMG sind wir als Diensteanbieter jedoch nicht verpflich\u00adtet, \u00fcbermit\u00adtel\u00adte oder gespei\u00adcher\u00adte fremde Informationen zu \u00fcberwa\u00adchen oder nach Umst\u00e4nden zu forschen, die auf eine rechts\u00adwid\u00adri\u00adge T\u00e4tigkeit hinwei\u00adsen. Verpflichtungen zur Entfernung oder Sperrung der Nutzung von Informationen nach den allge\u00admei\u00adnen Gesetzen bleiben hiervon unber\u00fchrt. Eine diesbe\u00adz\u00fcg\u00adli\u00adche Haftung ist jedoch erst ab dem Zeitpunkt der Kenntnis einer konkre\u00adten Rechtsverletzung m\u00f6glich. Bei Bekanntwerden von entspre\u00adchen\u00adden Rechtsverletzungen werden wir diese Inhalte umgehend entfernen.<\/p>\n<p><strong>2. Haftung f\u00fcr&nbsp;Links<\/strong><\/p>\n<p>Diese Website enth\u00e4lt Links zu exter\u00adnen Webseiten Dritter, auf deren Inhalte kein Einfluss genom\u00admen werden kann. Deshalb kann f\u00fcr diese fremden Inhalte auch keine Gew\u00e4hr \u00fcbernom\u00admen werden. F\u00fcr die Inhalte der verlink\u00adten Seiten ist stets der jewei\u00adli\u00adge Anbieter oder Betreiber der Seiten verant\u00adwort\u00adlich. Die verlink\u00adten Seiten wurden zum Zeitpunkt der Verlinkung auf m\u00f6gli\u00adche Rechtsverst\u00f6\u00dfe \u00fcberpr\u00fcft. Rechtswidrige Inhalte waren zum Zeitpunkt der Verlinkung nicht erkenn\u00adbar. Eine perma\u00adnen\u00adte inhalt\u00adli\u00adche Kontrolle der verlink\u00adten Seiten ist jedoch ohne konkre\u00adte Anhaltspunkte einer Rechtsverletzung nicht zumut\u00adbar. Bei Bekanntwerden von Rechtsverletzungen werden derar\u00adti\u00adge Links umgehend von dieser Website auf die rechts\u00adver\u00adlet\u00adzen\u00adde Site entfernen.<\/p>\n<p><strong>3. Urheberrecht<\/strong><\/p>\n<p>Die durch die Diensteanbieter, deren Mitarbeiter und beauf\u00adtrag\u00adte Dritte erstell\u00adten Inhalte und Werke auf diesen Seiten unter\u00adlie\u00adgen dem deutschen Urheberrecht. Die Vervielf\u00e4ltigung, Bearbeitung, Verbreitung und jede Art der Verwertung au\u00dfer\u00adhalb der Grenzen des Urheberrechtes bed\u00fcr\u00adfen der vorhe\u00adri\u00adgen schrift\u00adli\u00adchen Zustimmung des jewei\u00adli\u00adgen Autors bzw. Erstellers. Downloads und Kopien dieser Seite sind nur f\u00fcr den priva\u00adten, nicht kommer\u00adzi\u00adel\u00adlen Gebrauch gestat\u00adtet. Soweit die Inhalte auf dieser Seite nicht vom Betreiber erstellt wurden, werden die Urheberrechte Dritter beach\u00adtet. Insbesondere werden Inhalte Dritter als solche gekenn\u00adzeich\u00adnet. Sollten Sie trotz\u00addem auf eine Urheberrechtsverletzung aufmerk\u00adsam werden, bitten wir um einen entspre\u00adchen\u00adden Hinweis. Bei Bekanntwerden von Rechtsverletzungen werden derar\u00adti\u00adge Inhalte umgehend entfernen.<\/p>\n<p>Dieses Impressum wurde mit Hilfe des <a href=\"http:\/\/www.hensche.de\/impressum-generator.html\" target=\"_blank\" rel=\"noopener\">Impressum-Generators<\/a> von <a href=\"http:\/\/www.hensche.de\/Rechtsanwalt_Arbeitsrecht_Berlin.html\" target=\"_blank\" rel=\"noopener\">HENSCHE Rechtsanw\u00e4lte<\/a> erstellt.<\/p>\n","protected":false},"excerpt":{"rendered":"<p>Arndt-Peter Schaefers Hauffstra\u00dfe 6 71101 Sch\u00f6naich Telefon: 07031\u2013654040 Telefax: 07031\u2013655210 E\u2011Mail: foto(at)apsweb.de Internet: https:\/\/www.apsweb.de Inhaltlich Verantwortlicher gem\u00e4\u00df \u00a7 55 Abs. 2&nbsp;RStV: Arndt-Peter Schaefers Hauffstra\u00dfe 6 71101 Sch\u00f6naich Das Angebot auf https:\/\/www.apsweb.de ist ausdr\u00fcck\u00adlich nicht kommer\u00adzi\u00adell. Es bestehen aber durch\u00adaus Urheber- und Nutzungsrechte. Nutzungsbedingungen: Diese(s) Werk bzw. Inhalt von Arndt-Peter Schaefers steht unter einer Creative Commons \u2026 <a href=\"https:\/\/www.apsweb.de\/?page_id=42\" class=\"more-link\"><span class=\"screen-reader-text\">Impressum<\/span> weiter\u00adle\u00adsen <span class=\"meta-nav\">\u2192<\/span><\/a><\/p>\n","protected":false},"author":1,"featured_media":0,"parent":0,"menu_order":50,"comment_status":"closed","ping_status":"closed","template":"","meta":{"wp_typography_post_enhancements_disabled":false,"footnotes":""},"class_list":["post-42","page","type-page","status-publish","hentry","wp-image-borders"],"_links":{"self":[{"href":"https:\/\/www.apsweb.de\/index.php?rest_route=\/wp\/v2\/pages\/42","targetHints":{"allow":["GET"]}}],"collection":[{"href":"https:\/\/www.apsweb.de\/index.php?rest_route=\/wp\/v2\/pages"}],"about":[{"href":"https:\/\/www.apsweb.de\/index.php?rest_route=\/wp\/v2\/types\/page"}],"author":[{"embeddable":true,"href":"https:\/\/www.apsweb.de\/index.php?rest_route=\/wp\/v2\/users\/1"}],"replies":[{"embeddable":true,"href":"https:\/\/www.apsweb.de\/index.php?rest_route=%2Fwp%2Fv2%2Fcomments&post=42"}],"version-history":[{"count":23,"href":"https:\/\/www.apsweb.de\/index.php?rest_route=\/wp\/v2\/pages\/42\/revisions"}],"predecessor-version":[{"id":6865,"href":"https:\/\/www.apsweb.de\/index.php?rest_route=\/wp\/v2\/pages\/42\/revisions\/6865"}],"wp:attachment":[{"href":"https:\/\/www.apsweb.de\/index.php?rest_route=%2Fwp%2Fv2%2Fmedia&parent=42"}],"curies":[{"name":"wp","href":"https:\/\/api.w.org\/{rel}","templated":true}]}}